{"id":30,"date":"2016-03-04T17:00:31","date_gmt":"2016-03-04T17:00:31","guid":{"rendered":"http:\/\/hot-stox.de\/?page_id=30"},"modified":"2016-03-04T19:29:50","modified_gmt":"2016-03-04T18:29:50","slug":"ueber-uns","status":"publish","type":"page","link":"http:\/\/hot-stox.de\/?page_id=30","title":{"rendered":"\u00dcber uns"},"content":{"rendered":"<p>Spielergemeinschaft bei SG Erftstadt \/ THC H\u00fcrth<\/p>\n<p><img loading=\"lazy\" class=\"alignnone wp-image-59\" src=\"http:\/\/hot-stox.de\/wp-content\/uploads\/2016\/03\/team-hotstox-300x136.jpg\" alt=\"team-hotstox\" width=\"679\" height=\"308\" srcset=\"http:\/\/hot-stox.de\/wp-content\/uploads\/2016\/03\/team-hotstox-300x136.jpg 300w, http:\/\/hot-stox.de\/wp-content\/uploads\/2016\/03\/team-hotstox-2x1.jpg 2w, http:\/\/hot-stox.de\/wp-content\/uploads\/2016\/03\/team-hotstox.jpg 550w\" sizes=\"(max-width: 679px) 100vw, 679px\" \/><\/p>\n<p>\u201eHot Stocks &#8211; H\u00fcrther Cocktail\u201c<\/p>\n<p>Wir, die Hot Stocks sowie die H\u00fcrther Cocktail, machen unseren Namen alle Ehre: hei\u00df schwingende, bunt gemischte, dem Feiern nie abgeneigte Elternhockeyspieler in Spielgemeinschaft zwischen der SG Erftstadt und dem THC H\u00fcrth. In den letzten Jahren haben wir nicht nur, oft erfolgreich, in der Feldsaison an etlichen Kleinfeldturnieren sowie in der Halle an Turnieren teilgenommen, sondern uns auch von einer kleinen, \u00fcberschaubaren Gruppe zu einer spielkr\u00e4ftigen Truppe entwickelt, die mit Lust, Spa\u00df und Schwei\u00df w\u00f6chentlich Sommer wie Winter Freitags ab 20Uhr die Schl\u00e4ger schwingen.<\/p>\n<p>Neuzug\u00e4nge sind ausdr\u00fccklich gew\u00fcnscht! Einzige Voraussetzung: viel Lust und Spa\u00df am gemeinsamen Sport!!!<\/p>\n<p>Let\u2019s \u201eshake it\u201c oder ein Hot \u201eStocks\u201c<\/p>\n<p><img loading=\"lazy\" class=\"size-medium wp-image-4 aligncenter\" src=\"http:\/\/hot-stox.de\/wp-content\/uploads\/2016\/02\/LOGO_SGEH-253x300.png\" alt=\"LOGO_SGEH\" width=\"253\" height=\"300\" \/><\/p>\n","protected":false},"excerpt":{"rendered":"<p>Spielergemeinschaft bei SG Erftstadt \/ THC H\u00fcrth \u201eHot Stocks &#8211; H\u00fcrther Cocktail\u201c Wir, die Hot Stocks sowie die H\u00fcrther Cocktail, machen unseren Namen alle Ehre: hei\u00df schwingende, bunt gemischte, dem Feiern nie abgeneigte Elternhockeyspieler in Spielgemeinschaft zwischen der SG Erftstadt und dem THC H\u00fcrth. In den letzten Jahren haben wir nicht nur, oft erfolgreich, in [&hellip;]<\/p>\n","protected":false},"author":1,"featured_media":0,"parent":0,"menu_order":0,"comment_status":"closed","ping_status":"closed","template":"","meta":[],"_links":{"self":[{"href":"http:\/\/hot-stox.de\/index.php?rest_route=\/wp\/v2\/pages\/30"}],"collection":[{"href":"http:\/\/hot-stox.de\/index.php?rest_route=\/wp\/v2\/pages"}],"about":[{"href":"http:\/\/hot-stox.de\/index.php?rest_route=\/wp\/v2\/types\/page"}],"author":[{"embeddable":true,"href":"http:\/\/hot-stox.de\/index.php?rest_route=\/wp\/v2\/users\/1"}],"replies":[{"embeddable":true,"href":"http:\/\/hot-stox.de\/index.php?rest_route=%2Fwp%2Fv2%2Fcomments&post=30"}],"version-history":[{"count":7,"href":"http:\/\/hot-stox.de\/index.php?rest_route=\/wp\/v2\/pages\/30\/revisions"}],"predecessor-version":[{"id":63,"href":"http:\/\/hot-stox.de\/index.php?rest_route=\/wp\/v2\/pages\/30\/revisions\/63"}],"wp:attachment":[{"href":"http:\/\/hot-stox.de\/index.php?rest_route=%2Fwp%2Fv2%2Fmedia&parent=30"}],"curies":[{"name":"wp","href":"https:\/\/api.w.org\/{rel}","templated":true}]}}